{"id":9816,"date":"2024-07-09T05:55:33","date_gmt":"2024-07-09T05:55:33","guid":{"rendered":"https:\/\/mtscloud.com\/?page_id=9816"},"modified":"2025-12-28T04:16:07","modified_gmt":"2025-12-28T04:16:07","slug":"terms-of-use","status":"publish","type":"page","link":"https:\/\/mtscloud.com\/vn\/terms-of-use\/","title":{"rendered":"\u0110i\u1ec1u kho\u1ea3n s\u1eed d\u1ee5ng"},"content":{"rendered":"<div data-elementor-type=\"wp-page\" data-elementor-id=\"9816\" class=\"elementor elementor-9816\" data-elementor-post-type=\"page\">\n\t\t\t\t<div class=\"elementor-element elementor-element-056fe92 e-flex e-con-boxed elementor-invisible e-con e-parent\" data-id=\"056fe92\" data-element_type=\"container\" data-settings=\"{&quot;background_background&quot;:&quot;classic&quot;,&quot;animation&quot;:&quot;fadeIn&quot;}\">\n\t\t\t\t\t<div class=\"e-con-inner\">\n\t\t<div class=\"elementor-element elementor-element-8d514f4 e-con-full e-flex e-con e-child\" data-id=\"8d514f4\" data-element_type=\"container\">\n\t\t\t\t<div class=\"elementor-element elementor-element-577d654 elementor-widget__width-initial elementor-widget elementor-widget-heading\" data-id=\"577d654\" data-element_type=\"widget\" data-widget_type=\"heading.default\">\n\t\t\t\t<div class=\"elementor-widget-container\">\n\t\t\t\t\t<h1 class=\"elementor-heading-title elementor-size-default\">\u0110i\u1ec1u kho\u1ea3n s\u1eed d\u1ee5ng<\/h1>\t\t\t\t<\/div>\n\t\t\t\t<\/div>\n\t\t\t\t<div class=\"elementor-element elementor-element-fb5dba8 elementor-icon-list--layout-inline elementor-align-center elementor-list-item-link-full_width elementor-widget elementor-widget-icon-list\" data-id=\"fb5dba8\" data-element_type=\"widget\" data-widget_type=\"icon-list.default\">\n\t\t\t\t<div class=\"elementor-widget-container\">\n\t\t\t\t\t\t\t<ul class=\"elementor-icon-list-items elementor-inline-items\">\n\t\t\t\t\t\t\t<li class=\"elementor-icon-list-item elementor-inline-item\">\n\t\t\t\t\t\t\t\t\t\t<span class=\"elementor-icon-list-text\">Phi\u00ean b\u1ea3n 1.1<\/span>\n\t\t\t\t\t\t\t\t\t<\/li>\n\t\t\t\t\t\t\t\t<li class=\"elementor-icon-list-item elementor-inline-item\">\n\t\t\t\t\t\t\t\t\t\t<span class=\"elementor-icon-list-text\"><b>C\u1eadp nh\u1eadt l\u1ea7n cu\u1ed1i:<\/b> Ng\u00e0y 13 th\u00e1ng 9 n\u0103m 2024<\/span>\n\t\t\t\t\t\t\t\t\t<\/li>\n\t\t\t\t\t\t<\/ul>\n\t\t\t\t\t\t<\/div>\n\t\t\t\t<\/div>\n\t\t\t\t<\/div>\n\t\t\t\t\t<\/div>\n\t\t\t\t<\/div>\n\t\t<div class=\"elementor-element elementor-element-427fd59 e-flex e-con-boxed elementor-invisible e-con e-parent\" data-id=\"427fd59\" data-element_type=\"container\" data-settings=\"{&quot;animation&quot;:&quot;fadeIn&quot;,&quot;animation_delay&quot;:100}\">\n\t\t\t\t\t<div class=\"e-con-inner\">\n\t\t\t\t<div class=\"elementor-element elementor-element-b859ebf elementor-widget__width-initial elementor-widget elementor-widget-text-editor\" data-id=\"b859ebf\" data-element_type=\"widget\" data-widget_type=\"text-editor.default\">\n\t\t\t\t<div class=\"elementor-widget-container\">\n\t\t\t\t\t\t\t\t\t\u0110\u1eccC K\u1ef8 C\u00c1C \u0110I\u1ec0U KHO\u1ea2N N\u00c0Y TR\u01af\u1edaC KHI DUY\u1ec6T TRANG WEB N\u00c0Y. VI\u1ec6C S\u1eec D\u1ee4NG TRANG WEB N\u00c0Y CH\u1ec8 RA R\u1eb0NG B\u1ea0N \u0110\u00c3 \u0110\u1eccC V\u00c0 CH\u1ea4P NH\u1eacN C\u00c1C \u0110I\u1ec0U KHO\u1ea2N N\u00c0Y. B\u1ea0N KH\u00d4NG \u0110\u01af\u1ee2C S\u1eec D\u1ee4NG TRANG WEB N\u00c0Y N\u1ebeU B\u1ea0N KH\u00d4NG CH\u1ea4P NH\u1eacN C\u00c1C \u0110I\u1ec0U KHO\u1ea2N N\u00c0Y.\t\t\t\t\t\t\t\t<\/div>\n\t\t\t\t<\/div>\n\t\t\t\t<div class=\"elementor-element elementor-element-9ee3eeb elementor-widget__width-initial elementor-widget elementor-widget-text-editor\" data-id=\"9ee3eeb\" data-element_type=\"widget\" data-widget_type=\"text-editor.default\">\n\t\t\t\t<div class=\"elementor-widget-container\">\n\t\t\t\t\t\t\t\t\t<p>Ch\u00e0o m\u1eebng \u0111\u1ebfn v\u1edbi <strong>D\u1ecbch v\u1ee5 c\u00f4ng ngh\u1ec7 thi\u00ean ni\u00ean k\u1ef7<\/strong> v\u00e0 c\u1ea3m \u01a1n b\u1ea1n \u0111\u00e3 gh\u00e9 th\u0103m \u2013 Ch\u00fang t\u00f4i hy v\u1ecdng b\u1ea1n th\u00edch tr\u1ea3i nghi\u1ec7m n\u00e0y!<\/p><p>Millennium Technology Services v\u00e0 c\u00e1c C\u00f4ng ty con v\u00e0 C\u00f4ng ty li\u00ean k\u1ebft (g\u1ecdi chung l\u00e0 \u201cMTS\u201d ho\u1eb7c \u201cC\u1ee7a ch\u00fang t\u00f4i\u201d ho\u1eb7c \u201cCh\u00fang t\u00f4i\u201d) cung c\u1ea5p n\u1ed9i dung c\u1ee7a m\u00ecnh tr\u00ean Trang web n\u00e0y, \u0111\u0103ng li\u00ean k\u1ebft \u0111\u1ebfn \u0110i\u1ec1u kho\u1ea3n s\u1eed d\u1ee5ng n\u00e0y, tu\u00e2n theo c\u00e1c \u0111i\u1ec1u kho\u1ea3n v\u00e0 \u0111i\u1ec1u ki\u1ec7n sau (c\u00e1c \u201c\u0110i\u1ec1u kho\u1ea3n\u201d). C\u00e1c \u0110i\u1ec1u kho\u1ea3n n\u00e0y chi ph\u1ed1i vi\u1ec7c B\u1ea1n s\u1eed d\u1ee5ng Trang web n\u00e0y v\u00e0 t\u1ea5t c\u1ea3 v\u0103n b\u1ea3n, d\u1eef li\u1ec7u, th\u00f4ng tin, \u0111\u1ed3 h\u1ecda, video v\u00e0 \u1ea3nh (t\u1ea5t c\u1ea3 nh\u1eefng th\u1ee9 m\u00e0 Ch\u00fang t\u00f4i g\u1ecdi l\u00e0 \u201cV\u1eadt li\u1ec7u\u201d) m\u00e0 Ch\u00fang t\u00f4i c\u00f3 th\u1ec3 cung c\u1ea5p cho b\u1ea1n, c\u0169ng nh\u01b0 b\u1ea5t k\u1ef3 d\u1ecbch v\u1ee5 n\u00e0o ch\u00fang t\u00f4i c\u00f3 th\u1ec3 cung c\u1ea5p th\u00f4ng qua c\u00e1c trang web c\u1ee7a m\u00ecnh (t\u1ea5t c\u1ea3 nh\u1eefng th\u1ee9 n\u00e0y \u0111\u01b0\u1ee3c g\u1ecdi trong c\u00e1c \u0110i\u1ec1u kho\u1ea3n n\u00e0y l\u00e0 \u201cTrang web n\u00e0y\u201d).<\/p>\t\t\t\t\t\t\t\t<\/div>\n\t\t\t\t<\/div>\n\t\t\t\t<div class=\"elementor-element elementor-element-9efa7e2 elementor-widget__width-inherit elementor-widget-tablet__width-initial elementor-widget elementor-widget-heading\" data-id=\"9efa7e2\" data-element_type=\"widget\" data-widget_type=\"heading.default\">\n\t\t\t\t<div class=\"elementor-widget-container\">\n\t\t\t\t\t<h2 class=\"elementor-heading-title elementor-size-default\">Nh\u00e3n hi\u1ec7u<\/h2>\t\t\t\t<\/div>\n\t\t\t\t<\/div>\n\t\t\t\t<div class=\"elementor-element elementor-element-5452cb3 elementor-widget__width-initial elementor-widget elementor-widget-text-editor\" data-id=\"5452cb3\" data-element_type=\"widget\" data-widget_type=\"text-editor.default\">\n\t\t\t\t<div class=\"elementor-widget-container\">\n\t\t\t\t\t\t\t\t\t<p>C\u00e1c nh\u00e3n hi\u1ec7u, nh\u00e3n hi\u1ec7u d\u1ecbch v\u1ee5, thi\u1ebft k\u1ebf v\u00e0 logo (g\u1ecdi chung l\u00e0 \u201c<strong>Nh\u00e3n hi\u1ec7u<\/strong>\u201d) \u0111\u01b0\u1ee3c hi\u1ec3n th\u1ecb tr\u00ean Trang web n\u00e0y l\u00e0 c\u00e1c Th\u01b0\u01a1ng hi\u1ec7u \u0111\u00e3 \u0111\u0103ng k\u00fd v\u00e0 ch\u01b0a \u0111\u0103ng k\u00fd c\u1ee7a MTS v\u00e0 c\u00e1c \u0110\u1ed1i t\u00e1c c\u1ee7a MTS. B\u1ea1n \u0111\u1ed3ng \u00fd r\u1eb1ng, tr\u1eeb khi \u0111\u01b0\u1ee3c Ch\u00fang t\u00f4i ho\u1eb7c c\u00e1c \u0110\u1ed1i t\u00e1c c\u1ee7a ch\u00fang t\u00f4i cho ph\u00e9p r\u00f5 r\u00e0ng, khi \u00e1p d\u1ee5ng, b\u1ea1n s\u1ebd kh\u00f4ng tham chi\u1ebfu ho\u1eb7c g\u00e1n b\u1ea5t k\u1ef3 th\u00f4ng tin n\u00e0o cho MTS ho\u1eb7c \u0110\u1ed1i t\u00e1c c\u1ee7a MTS tr\u00ean b\u1ea5t k\u1ef3 ph\u01b0\u01a1ng ti\u1ec7n truy\u1ec1n th\u00f4ng c\u00f4ng c\u1ed9ng n\u00e0o (v\u00ed d\u1ee5: th\u00f4ng c\u00e1o b\u00e1o ch\u00ed, trang web ho\u1eb7c ph\u01b0\u01a1ng ti\u1ec7n truy\u1ec1n th\u00f4ng x\u00e3 h\u1ed9i c\u00f4ng c\u1ed9ng) cho m\u1ee5c \u0111\u00edch qu\u1ea3ng c\u00e1o ho\u1eb7c khuy\u1ebfn m\u1ea1i, ho\u1eb7c cho m\u1ee5c \u0111\u00edch th\u00f4ng b\u00e1o ho\u1eb7c g\u00e2y \u1ea3nh h\u01b0\u1edfng \u0111\u1ebfn b\u1ea5t k\u1ef3 b\u00ean th\u1ee9 ba n\u00e0o v\u00e0 r\u1eb1ng b\u1ea1n s\u1ebd kh\u00f4ng s\u1eed d\u1ee5ng ho\u1eb7c sao ch\u00e9p b\u1ea5t k\u1ef3 Th\u01b0\u01a1ng hi\u1ec7u n\u00e0o c\u1ee7a MTS ho\u1eb7c c\u00e1c \u0110\u1ed1i t\u00e1c c\u1ee7a MTS, ho\u1eb7c ng\u1ee5 \u00fd b\u1ea5t k\u1ef3 s\u1ef1 x\u00e1c nh\u1eadn n\u00e0o c\u1ee7a MTS ho\u1eb7c m\u1ed1i quan h\u1ec7 v\u1edbi MTS ho\u1eb7c c\u00e1c \u0110\u1ed1i t\u00e1c c\u1ee7a MTS.<\/p>\t\t\t\t\t\t\t\t<\/div>\n\t\t\t\t<\/div>\n\t\t\t\t<div class=\"elementor-element elementor-element-89037ae elementor-widget__width-inherit elementor-widget-tablet__width-initial elementor-widget elementor-widget-heading\" data-id=\"89037ae\" data-element_type=\"widget\" data-widget_type=\"heading.default\">\n\t\t\t\t<div class=\"elementor-widget-container\">\n\t\t\t\t\t<h2 class=\"elementor-heading-title elementor-size-default\">Truy c\u1eadp v\u00e0 s\u1eed d\u1ee5ng trang web n\u00e0y<\/h2>\t\t\t\t<\/div>\n\t\t\t\t<\/div>\n\t\t\t\t<div class=\"elementor-element elementor-element-e595ac6 elementor-widget__width-initial elementor-widget elementor-widget-text-editor\" data-id=\"e595ac6\" data-element_type=\"widget\" data-widget_type=\"text-editor.default\">\n\t\t\t\t<div class=\"elementor-widget-container\">\n\t\t\t\t\t\t\t\t\t<p>Khi B\u1ea1n truy c\u1eadp Trang web n\u00e0y, B\u1ea1n c\u00f3 tr\u00e1ch nhi\u1ec7m tu\u00e2n th\u1ee7 c\u00e1c \u0110i\u1ec1u kho\u1ea3n n\u00e0y c\u0169ng nh\u01b0 vi\u1ec7c s\u1eed d\u1ee5ng Trang web n\u00e0y. B\u1ea1n \u0111\u1ed3ng \u00fd cung c\u1ea5p th\u00f4ng tin \u0111\u00fang, ch\u00ednh x\u00e1c, hi\u1ec7n t\u1ea1i v\u00e0 \u0111\u1ea7y \u0111\u1ee7 trong su\u1ed1t th\u1eddi gian b\u1ea1n s\u1eed d\u1ee5ng Trang web n\u00e0y. B\u1ea1n kh\u00f4ng c\u00f3 quy\u1ec1n \u0111\u1ed1i v\u1edbi trang web n\u00e0y ho\u1eb7c b\u1ea5t k\u1ef3 t\u00e0i li\u1ec7u n\u00e0o v\u00e0 b\u1ea1n KH\u00d4NG \u0110\u01af\u1ee2C s\u1eeda \u0111\u1ed5i, ch\u1ec9nh s\u1eeda, sao ch\u00e9p, t\u00e1i t\u1ea1o, t\u1ea1o, thay \u0111\u1ed5i, n\u00e2ng cao ho\u1eb7c khai th\u00e1c b\u1ea5t k\u1ef3 n\u1ed9i dung n\u00e0o c\u1ee7a Trang web n\u00e0y ho\u1eb7c T\u00e0i li\u1ec7u n\u00e0y theo b\u1ea5t k\u1ef3 c\u00e1ch n\u00e0o. Ch\u00fang t\u00f4i thu th\u1eadp th\u00f4ng tin v\u1ec1 B\u1ea1n ch\u1ec9 li\u00ean quan \u0111\u1ebfn vi\u1ec7c B\u1ea1n truy c\u1eadp v\u00e0o vi\u1ec7c s\u1eed d\u1ee5ng Trang web n\u00e0y.<\/p>\t\t\t\t\t\t\t\t<\/div>\n\t\t\t\t<\/div>\n\t\t\t\t<div class=\"elementor-element elementor-element-bca194f elementor-widget__width-inherit elementor-widget-tablet__width-initial elementor-widget elementor-widget-heading\" data-id=\"bca194f\" data-element_type=\"widget\" data-widget_type=\"heading.default\">\n\t\t\t\t<div class=\"elementor-widget-container\">\n\t\t\t\t\t<h2 class=\"elementor-heading-title elementor-size-default\">S\u1eed d\u1ee5ng tr\u00e1i ph\u00e9p trang web n\u00e0y<\/h2>\t\t\t\t<\/div>\n\t\t\t\t<\/div>\n\t\t\t\t<div class=\"elementor-element elementor-element-7bf115e elementor-widget__width-initial elementor-widget elementor-widget-text-editor\" data-id=\"7bf115e\" data-element_type=\"widget\" data-widget_type=\"text-editor.default\">\n\t\t\t\t<div class=\"elementor-widget-container\">\n\t\t\t\t\t\t\t\t\t<p>MTS cho ph\u00e9p B\u1ea1n s\u1eed d\u1ee5ng h\u1ea1n ch\u1ebf Trang web n\u00e0y. B\u1ea5t k\u1ef3 vi\u1ec7c s\u1eed d\u1ee5ng n\u00e0o kh\u00e1c c\u1ee7a Trang web n\u00e0y ngo\u00e0i c\u00e1c m\u1ee5c \u0111\u00edch \u0111\u01b0\u1ee3c ph\u00e9p \u0111\u1ec1u b\u1ecb c\u1ea5m v\u00e0 do \u0111\u00f3, c\u1ea5u th\u00e0nh vi\u1ec7c s\u1eed d\u1ee5ng tr\u00e1i ph\u00e9p Trang web n\u00e0y. M\u1ecdi quy\u1ec1n trong Trang web n\u00e0y v\u1eabn l\u00e0 t\u00e0i s\u1ea3n c\u1ee7a MTS v\u00e0 vi\u1ec7c s\u1eed d\u1ee5ng tr\u00e1i ph\u00e9p Trang web n\u00e0y c\u00f3 th\u1ec3 d\u1eabn \u0111\u1ebfn vi ph\u1ea1m lu\u1eadt b\u1ea3n quy\u1ec1n qu\u1ed1c t\u1ebf.<\/p>\t\t\t\t\t\t\t\t<\/div>\n\t\t\t\t<\/div>\n\t\t\t\t<div class=\"elementor-element elementor-element-0689f38 elementor-widget__width-inherit elementor-widget-tablet__width-initial elementor-widget elementor-widget-heading\" data-id=\"0689f38\" data-element_type=\"widget\" data-widget_type=\"heading.default\">\n\t\t\t\t<div class=\"elementor-widget-container\">\n\t\t\t\t\t<h2 class=\"elementor-heading-title elementor-size-default\">S\u1eeda \u0111\u1ed5i trang web n\u00e0y<\/h2>\t\t\t\t<\/div>\n\t\t\t\t<\/div>\n\t\t\t\t<div class=\"elementor-element elementor-element-d139684 elementor-widget__width-initial elementor-widget elementor-widget-text-editor\" data-id=\"d139684\" data-element_type=\"widget\" data-widget_type=\"text-editor.default\">\n\t\t\t\t<div class=\"elementor-widget-container\">\n\t\t\t\t\t\t\t\t\t<p>MTS c\u00f3 quy\u1ec1n s\u1eeda \u0111\u1ed5i, t\u1ea1m ng\u1eebng ho\u1eb7c ng\u1eebng ho\u1ea1t \u0111\u1ed9ng c\u1ee7a Trang web n\u00e0y b\u1ea5t k\u1ef3 l\u00fac n\u00e0o m\u00e0 kh\u00f4ng c\u1ea7n th\u00f4ng b\u00e1o cho B\u1ea1n. MTS c\u00f3 th\u1ec3 thay \u0111\u1ed5i Trang web n\u00e0y ho\u1eb7c c\u00e1c s\u1ea3n ph\u1ea9m, d\u1ecbch v\u1ee5 v\u00e0 n\u1ed9i dung \u0111\u01b0\u1ee3c xu\u1ea5t b\u1ea3n tr\u00ean Trang web n\u00e0y b\u1ea5t k\u1ef3 l\u00fac n\u00e0o m\u00e0 kh\u00f4ng c\u1ea7n th\u00f4ng b\u00e1o.<\/p>\t\t\t\t\t\t\t\t<\/div>\n\t\t\t\t<\/div>\n\t\t\t\t<div class=\"elementor-element elementor-element-1cba0e5 elementor-widget__width-inherit elementor-widget-tablet__width-initial elementor-widget elementor-widget-heading\" data-id=\"1cba0e5\" data-element_type=\"widget\" data-widget_type=\"heading.default\">\n\t\t\t\t<div class=\"elementor-widget-container\">\n\t\t\t\t\t<h2 class=\"elementor-heading-title elementor-size-default\">B\u00e0i vi\u1ebft c\u1ee7a b\u1ea1n g\u1eedi \u0111\u1ebfn trang web n\u00e0y<\/h2>\t\t\t\t<\/div>\n\t\t\t\t<\/div>\n\t\t\t\t<div class=\"elementor-element elementor-element-10a16cf elementor-widget__width-initial elementor-widget elementor-widget-text-editor\" data-id=\"10a16cf\" data-element_type=\"widget\" data-widget_type=\"text-editor.default\">\n\t\t\t\t<div class=\"elementor-widget-container\">\n\t\t\t\t\t\t\t\t\t<p>M\u1ed9t s\u1ed1 khu v\u1ef1c c\u1ee7a Trang web n\u00e0y c\u00f3 th\u1ec3 cho ph\u00e9p B\u1ea1n g\u1eedi th\u00f4ng tin, ph\u1ea3n h\u1ed3i, d\u1eef li\u1ec7u ho\u1eb7c c\u00e1c t\u00e0i li\u1ec7u kh\u00e1c (m\u1ed7i m\u1ee5c, m\u1ed9t \u201cN\u1ed9i dung do Ng\u01b0\u1eddi d\u00f9ng g\u1eedi\u201d). B\u1ea1n \u0111\u1ed3ng \u00fd r\u1eb1ng B\u1ea1n ch\u1ecbu tr\u00e1ch nhi\u1ec7m ho\u00e0n to\u00e0n cho t\u1ea5t c\u1ea3 N\u1ed9i dung do Ng\u01b0\u1eddi d\u00f9ng g\u1eedi v\u00e0 r\u1eb1ng b\u1ea5t k\u1ef3 N\u1ed9i dung do Ng\u01b0\u1eddi d\u00f9ng g\u1eedi n\u00e0o nh\u01b0 v\u1eady \u0111\u1ec1u \u0111\u01b0\u1ee3c coi l\u00e0 kh\u00f4ng b\u1ea3o m\u1eadt, kh\u00f4ng \u0111\u1ed9c quy\u1ec1n v\u00e0 kh\u00f4ng vi ph\u1ea1m b\u1ea5t k\u1ef3 Lu\u1eadt ph\u00e1p Qu\u1ed1c t\u1ebf v\u00e0 \u0110\u1ecba ph\u01b0\u01a1ng n\u00e0o. B\u1ea1n kh\u00f4ng \u0111\u01b0\u1ee3c v\u00e0 s\u1ebd kh\u00f4ng \u0111\u01b0\u1ee3c b\u1ed3i th\u01b0\u1eddng ho\u1eb7c \u0111\u01b0\u1ee3c c\u1ea5p b\u1ea5t k\u1ef3 kho\u1ea3n c\u00e2n nh\u1eafc n\u00e0o khi g\u1eedi N\u1ed9i dung do Ng\u01b0\u1eddi d\u00f9ng g\u1eedi \u0111\u1ebfn Trang web n\u00e0y.<\/p><p>B\u1eb1ng c\u00e1ch g\u1eedi N\u1ed9i dung do Ng\u01b0\u1eddi d\u00f9ng g\u1eedi, b\u1ea1n \u0111\u1ed3ng \u00fd cho MTS:<\/p><ul><li>S\u1eed d\u1ee5ng, ph\u00e2n ph\u1ed1i, sao ch\u00e9p, s\u1eeda \u0111\u1ed5i, \u0111i\u1ec1u ch\u1ec9nh, xu\u1ea5t b\u1ea3n, d\u1ecbch, th\u1ef1c hi\u1ec7n c\u00f4ng khai v\u00e0 hi\u1ec3n th\u1ecb c\u00f4ng khai N\u1ed9i dung do Ng\u01b0\u1eddi d\u00f9ng g\u1eedi (ho\u1eb7c b\u1ea5t k\u1ef3 s\u1eeda \u0111\u1ed5i n\u00e0o \u0111\u1ed1i v\u1edbi n\u1ed9i dung \u0111\u00f3), to\u00e0n b\u1ed9 ho\u1eb7c m\u1ed9t ph\u1ea7n, \u1edf b\u1ea5t k\u1ef3 \u0111\u1ecbnh d\u1ea1ng ho\u1eb7c ph\u01b0\u01a1ng ti\u1ec7n n\u00e0o hi\u1ec7n \u0111\u01b0\u1ee3c bi\u1ebft \u0111\u1ebfn ho\u1eb7c \u0111\u01b0\u1ee3c ph\u00e1t tri\u1ec3n sau n\u00e0y.<\/li><li>S\u1eed d\u1ee5ng N\u1ed9i dung do ng\u01b0\u1eddi d\u00f9ng g\u1eedi cho b\u1ea5t k\u1ef3 m\u1ee5c \u0111\u00edch h\u1ee3p ph\u00e1p n\u00e0o, bao g\u1ed3m m\u1ee5c \u0111\u00edch th\u01b0\u01a1ng m\u1ea1i, m\u00e0 MTS x\u00e1c \u0111\u1ecbnh l\u00e0 ph\u00f9 h\u1ee3p theo quy\u1ebft \u0111\u1ecbnh ri\u00eang c\u1ee7a m\u00ecnh, ch\u1eb3ng h\u1ea1n nh\u01b0 k\u1ebft h\u1ee3p N\u1ed9i dung do ng\u01b0\u1eddi d\u00f9ng g\u1eedi ho\u1eb7c b\u1ea5t k\u1ef3 s\u1eeda \u0111\u1ed5i n\u00e0o \u0111\u1ed1i v\u1edbi N\u1ed9i dung \u0111\u00f3, to\u00e0n b\u1ed9 ho\u1eb7c m\u1ed9t ph\u1ea7n.\u201d\u00a0<\/li><\/ul><p>MTS kh\u00f4ng \u0111\u1ea1i di\u1ec7n ho\u1eb7c x\u00e1c nh\u1eadn t\u00ednh ch\u00ednh x\u00e1c c\u1ee7a \u0111\u1ed9 tin c\u1eady c\u1ee7a th\u00f4ng tin \u0111\u01b0\u1ee3c \u0111\u0103ng tr\u00ean Trang web n\u00e0y. Ngo\u00e0i ra, MTS kh\u00f4ng v\u00e0 kh\u00f4ng th\u1ec3 xem x\u00e9t t\u1ea5t c\u1ea3 th\u00f4ng tin \u0111\u01b0\u1ee3c \u0111\u0103ng tr\u00ean Trang web n\u00e0y v\u00e0 kh\u00f4ng ch\u1ecbu tr\u00e1ch nhi\u1ec7m v\u1ec1 th\u00f4ng tin \u0111\u00f3. MTS c\u00f3 quy\u1ec1n x\u00f3a b\u1ea5t k\u1ef3 n\u1ed9i dung ho\u1eb7c th\u00f4ng tin n\u00e0o, cho d\u00f9 l\u00e0 to\u00e0n b\u1ed9 hay m\u1ed9t ph\u1ea7n, theo quy\u1ebft \u0111\u1ecbnh c\u1ee7a m\u00ecnh v\u00e0 kh\u00f4ng c\u1ea7n ph\u1ea3i cung c\u1ea5p l\u00fd do.<\/p>\t\t\t\t\t\t\t\t<\/div>\n\t\t\t\t<\/div>\n\t\t\t\t<div class=\"elementor-element elementor-element-c743d0c elementor-widget__width-inherit elementor-widget-tablet__width-initial elementor-widget elementor-widget-heading\" data-id=\"c743d0c\" data-element_type=\"widget\" data-widget_type=\"heading.default\">\n\t\t\t\t<div class=\"elementor-widget-container\">\n\t\t\t\t\t<h2 class=\"elementor-heading-title elementor-size-default\">Vi ph\u1ea1m v\u00e0 th\u1ef1c thi<\/h2>\t\t\t\t<\/div>\n\t\t\t\t<\/div>\n\t\t\t\t<div class=\"elementor-element elementor-element-97a3318 elementor-widget__width-initial elementor-widget elementor-widget-text-editor\" data-id=\"97a3318\" data-element_type=\"widget\" data-widget_type=\"text-editor.default\">\n\t\t\t\t<div class=\"elementor-widget-container\">\n\t\t\t\t\t\t\t\t\t<p>MTS c\u00f3 th\u1ec3 b\u00e1o c\u00e1o b\u1ea5t k\u1ef3 ho\u1ea1t \u0111\u1ed9ng n\u00e0o m\u00e0 MTS nghi ng\u1edd l\u00e0 vi ph\u1ea1m b\u1ea5t k\u1ef3 lu\u1eadt ho\u1eb7c quy \u0111\u1ecbnh n\u00e0o cho c\u01a1 quan th\u1ef1c thi ph\u00e1p lu\u1eadt, c\u01a1 quan qu\u1ea3n l\u00fd ho\u1eb7c c\u00e1c b\u00ean th\u1ee9 ba th\u00edch h\u1ee3p kh\u00e1c. B\u00e1o c\u00e1o c\u1ee7a MTS c\u00f3 th\u1ec3 bao g\u1ed3m vi\u1ec7c ti\u1ebft l\u1ed9 th\u00f4ng tin ph\u00f9 h\u1ee3p m\u00e0 B\u1ea1n c\u00f3 th\u1ec3 \u0111\u00e3 cung c\u1ea5p.<\/p><p>MTS c\u0169ng c\u00f3 th\u1ec3 h\u1ee3p t\u00e1c v\u1edbi c\u01a1 quan th\u1ef1c thi ph\u00e1p lu\u1eadt, c\u01a1 quan qu\u1ea3n l\u00fd ho\u1eb7c c\u00e1c b\u00ean th\u1ee9 ba th\u00edch h\u1ee3p kh\u00e1c \u0111\u1ec3 h\u1ed7 tr\u1ee3 \u0111i\u1ec1u tra v\u00e0 truy t\u1ed1 h\u00e0nh vi b\u1ea5t h\u1ee3p ph\u00e1p b\u1eb1ng c\u00e1ch cung c\u1ea5p th\u00f4ng tin ph\u00f9 h\u1ee3p li\u00ean quan \u0111\u1ebfn c\u00e1c h\u00e0nh vi b\u1ecb c\u00e1o bu\u1ed9c vi ph\u1ea1m \u0110i\u1ec1u kho\u1ea3n s\u1eed d\u1ee5ng n\u00e0y.<\/p>\t\t\t\t\t\t\t\t<\/div>\n\t\t\t\t<\/div>\n\t\t\t\t<div class=\"elementor-element elementor-element-e001b32 elementor-widget__width-inherit elementor-widget-tablet__width-initial elementor-widget elementor-widget-heading\" data-id=\"e001b32\" data-element_type=\"widget\" data-widget_type=\"heading.default\">\n\t\t\t\t<div class=\"elementor-widget-container\">\n\t\t\t\t\t<h2 class=\"elementor-heading-title elementor-size-default\">Gi\u1edbi h\u1ea1n tr\u00e1ch nhi\u1ec7m<\/h2>\t\t\t\t<\/div>\n\t\t\t\t<\/div>\n\t\t\t\t<div class=\"elementor-element elementor-element-8746128 elementor-widget__width-initial elementor-widget elementor-widget-text-editor\" data-id=\"8746128\" data-element_type=\"widget\" data-widget_type=\"text-editor.default\">\n\t\t\t\t<div class=\"elementor-widget-container\">\n\t\t\t\t\t\t\t\t\t<p>KH\u00d4NG C\u00d3 TR\u01af\u1edcNG H\u1ee2P N\u00c0O S\u1ebc <strong>D\u1ecaCH V\u1ee4 C\u00d4NG NGH\u1ec6 MILLENNIUM, C\u00c1C C\u00d4NG TY CON V\u00c0 C\u00d4NG TY LI\u00caN K\u1ebeT<\/strong> CH\u1ecaU TR\u00c1CH NHI\u1ec6M \u0110\u1ed0I V\u1edaI B\u1ea4T K\u1ef2 THI\u1ec6T H\u1ea0I GI\u00c1N TI\u1ebeP, \u0110\u1eb6C BI\u1ec6T, H\u1eacU QU\u1ea2, TR\u1eeaNG PH\u1ea0T HO\u1eb6C M\u1eaaU M\u1ef0C N\u00c0O PH\u00c1T SINH T\u1eea HO\u1eb6C LI\u00caN QUAN \u0110\u1ebeN TRANG WEB N\u00c0Y (BAO G\u1ed2M, NH\u01afNG KH\u00d4NG GI\u1edaI H\u1ea0N, VI\u1ec6C S\u1eec D\u1ee4NG, KH\u00d4NG TH\u1ec2 S\u1eec D\u1ee4NG HO\u1eb6C K\u1ebeT QU\u1ea2 C\u1ee6A VI\u1ec6C S\u1eec D\u1ee4NG TRANG WEB N\u00c0Y), BAO G\u1ed2M C\u1ea2 NH\u1eeeNG THI\u1ec6T H\u1ea0I PH\u00c1T SINH T\u1eea VI\u1ec6C M\u1ea4T DOANH THU, M\u1ea4T L\u1ee2I NHU\u1eacN, M\u1ea4T THI\u1ec6N CH\u00cd, M\u1ea4T VI\u1ec6C S\u1eec D\u1ee4NG, GI\u00c1N \u0110O\u1ea0N KINH DOANH HO\u1eb6C C\u00c1C THI\u1ec6T H\u1ea0I V\u00d4 H\u00ccNH KH\u00c1C.<\/p>\t\t\t\t\t\t\t\t<\/div>\n\t\t\t\t<\/div>\n\t\t\t\t<div class=\"elementor-element elementor-element-f6b7533 elementor-widget__width-inherit elementor-widget-tablet__width-initial elementor-widget elementor-widget-heading\" data-id=\"f6b7533\" data-element_type=\"widget\" data-widget_type=\"heading.default\">\n\t\t\t\t<div class=\"elementor-widget-container\">\n\t\t\t\t\t<h2 class=\"elementor-heading-title elementor-size-default\">Tuy\u00ean b\u1ed1 mi\u1ec5n tr\u1eeb tr\u00e1ch nhi\u1ec7m<\/h2>\t\t\t\t<\/div>\n\t\t\t\t<\/div>\n\t\t\t\t<div class=\"elementor-element elementor-element-13f0707 elementor-widget__width-initial elementor-widget elementor-widget-text-editor\" data-id=\"13f0707\" data-element_type=\"widget\" data-widget_type=\"text-editor.default\">\n\t\t\t\t<div class=\"elementor-widget-container\">\n\t\t\t\t\t\t\t\t\t<p>TRANG WEB N\u00c0Y \u0110\u01af\u1ee2C CUNG C\u1ea4P \u201cNGUY\u00caN TR\u1ea0NG\u201d V\u00c0 \u201cC\u00d3 T\u1ea4T C\u1ea2 C\u00c1C L\u1ed6I\u201d V\u00c0 B\u1ea0N CH\u1ecaU M\u1eccI R\u1ee6I RO V\u1ec0 CH\u1ea4T L\u01af\u1ee2NG V\u00c0 HI\u1ec6U SU\u1ea4T. MTS TUY\u00caN B\u1ed0 T\u1eea CH\u1ed0I M\u1eccI B\u1ea2O H\u00c0NH D\u01af\u1edaI M\u1eccI LO\u1ea0I (R\u00d5 R\u00c0NG, NG\u1ea6M \u0110\u1ecaNH HO\u1eb6C THEO LU\u1eacT \u0110\u1ecaNH) V\u1ec0 CH\u1ea4T L\u01af\u1ee2NG, HI\u1ec6U SU\u1ea4T HO\u1eb6C VI\u1ec6C S\u1eec D\u1ee4NG TRANG WEB N\u00c0Y, QUY\u1ec0N S\u1ede H\u1eeeU V\u00c0 VI\u1ec6C KH\u00d4NG VI PH\u1ea0M QUY\u1ec0N S\u1ede H\u1eeeU TR\u00cd TU\u1ec6.<\/p>\t\t\t\t\t\t\t\t<\/div>\n\t\t\t\t<\/div>\n\t\t\t\t\t<\/div>\n\t\t\t\t<\/div>\n\t\t\t\t<\/div>","protected":false},"excerpt":{"rendered":"<p>Terms of Use Version 1.1 Last Updated: September 13, 2024 READ THESE TERMS CAREFULLY BEFORE BROWSING THIS WEBSITE. USING THIS WEBSITE INDICATES THAT YOU HAVE BOTH READ AND ACCEPT THESE TERMS. YOU SHALL NOT USE THIS WEBSITE IF YOU DO NOT ACCEPT THESE TERMS. Welcome to the Millennium Technology Services and thank You for visiting [&hellip;]<\/p>\n","protected":false},"author":1,"featured_media":0,"parent":0,"menu_order":0,"comment_status":"closed","ping_status":"closed","template":"","meta":{"_acf_changed":false,"footnotes":""},"class_list":["post-9816","page","type-page","status-publish","hentry"],"acf":[],"_links":{"self":[{"href":"https:\/\/mtscloud.com\/vn\/wp-json\/wp\/v2\/pages\/9816","targetHints":{"allow":["GET"]}}],"collection":[{"href":"https:\/\/mtscloud.com\/vn\/wp-json\/wp\/v2\/pages"}],"about":[{"href":"https:\/\/mtscloud.com\/vn\/wp-json\/wp\/v2\/types\/page"}],"author":[{"embeddable":true,"href":"https:\/\/mtscloud.com\/vn\/wp-json\/wp\/v2\/users\/1"}],"replies":[{"embeddable":true,"href":"https:\/\/mtscloud.com\/vn\/wp-json\/wp\/v2\/comments?post=9816"}],"version-history":[{"count":0,"href":"https:\/\/mtscloud.com\/vn\/wp-json\/wp\/v2\/pages\/9816\/revisions"}],"wp:attachment":[{"href":"https:\/\/mtscloud.com\/vn\/wp-json\/wp\/v2\/media?parent=9816"}],"curies":[{"name":"wp","href":"https:\/\/api.w.org\/{rel}","templated":true}]}}