{"id":13897,"date":"2024-09-10T07:44:48","date_gmt":"2024-09-10T07:44:48","guid":{"rendered":"https:\/\/mtscloud.com\/?page_id=13897"},"modified":"2025-12-28T04:11:49","modified_gmt":"2025-12-28T04:11:49","slug":"cookies-policy","status":"publish","type":"page","link":"https:\/\/mtscloud.com\/vn\/cookies-policy\/","title":{"rendered":"Cookies Policy"},"content":{"rendered":"<div data-elementor-type=\"wp-page\" data-elementor-id=\"13897\" class=\"elementor elementor-13897\" data-elementor-post-type=\"page\">\n\t\t\t\t<div class=\"elementor-element elementor-element-056fe92 e-flex e-con-boxed elementor-invisible e-con e-parent\" data-id=\"056fe92\" data-element_type=\"container\" data-settings=\"{&quot;background_background&quot;:&quot;classic&quot;,&quot;animation&quot;:&quot;fadeIn&quot;}\">\n\t\t\t\t\t<div class=\"e-con-inner\">\n\t\t<div class=\"elementor-element elementor-element-8d514f4 e-con-full e-flex e-con e-child\" data-id=\"8d514f4\" data-element_type=\"container\">\n\t\t\t\t<div class=\"elementor-element elementor-element-577d654 elementor-widget__width-initial elementor-widget elementor-widget-heading\" data-id=\"577d654\" data-element_type=\"widget\" data-widget_type=\"heading.default\">\n\t\t\t\t<div class=\"elementor-widget-container\">\n\t\t\t\t\t<h1 class=\"elementor-heading-title elementor-size-default\">Ch\u00ednh s\u00e1ch Cookie c\u1ee7a <br>D\u1ecbch v\u1ee5 c\u00f4ng ngh\u1ec7 thi\u00ean ni\u00ean k\u1ef7<\/h1>\t\t\t\t<\/div>\n\t\t\t\t<\/div>\n\t\t\t\t<div class=\"elementor-element elementor-element-6e2d119 elementor-icon-list--layout-inline elementor-align-center elementor-list-item-link-full_width elementor-widget elementor-widget-icon-list\" data-id=\"6e2d119\" data-element_type=\"widget\" data-widget_type=\"icon-list.default\">\n\t\t\t\t<div class=\"elementor-widget-container\">\n\t\t\t\t\t\t\t<ul class=\"elementor-icon-list-items elementor-inline-items\">\n\t\t\t\t\t\t\t<li class=\"elementor-icon-list-item elementor-inline-item\">\n\t\t\t\t\t\t\t\t\t\t<span class=\"elementor-icon-list-text\"><b>C\u1eadp nh\u1eadt l\u1ea7n cu\u1ed1i:<\/b> Ng\u00e0y 13 th\u00e1ng 9 n\u0103m 2024<\/span>\n\t\t\t\t\t\t\t\t\t<\/li>\n\t\t\t\t\t\t<\/ul>\n\t\t\t\t\t\t<\/div>\n\t\t\t\t<\/div>\n\t\t\t\t<\/div>\n\t\t\t\t\t<\/div>\n\t\t\t\t<\/div>\n\t\t<div class=\"elementor-element elementor-element-427fd59 e-flex e-con-boxed elementor-invisible e-con e-parent\" data-id=\"427fd59\" data-element_type=\"container\" data-settings=\"{&quot;animation&quot;:&quot;fadeIn&quot;,&quot;animation_delay&quot;:100}\">\n\t\t\t\t\t<div class=\"e-con-inner\">\n\t\t\t\t<div class=\"elementor-element elementor-element-57586d2 elementor-widget__width-inherit elementor-widget-tablet__width-initial elementor-widget elementor-widget-heading\" data-id=\"57586d2\" data-element_type=\"widget\" data-widget_type=\"heading.default\">\n\t\t\t\t<div class=\"elementor-widget-container\">\n\t\t\t\t\t<h2 class=\"elementor-heading-title elementor-size-default\">Gi\u1edbi thi\u1ec7u<\/h2>\t\t\t\t<\/div>\n\t\t\t\t<\/div>\n\t\t\t\t<div class=\"elementor-element elementor-element-b859ebf elementor-widget__width-initial elementor-widget elementor-widget-text-editor\" data-id=\"b859ebf\" data-element_type=\"widget\" data-widget_type=\"text-editor.default\">\n\t\t\t\t<div class=\"elementor-widget-container\">\n\t\t\t\t\t\t\t\t\t<p>T\u1ea1i Millennium Technology Services, ch\u00fang t\u00f4i tin t\u01b0\u1edfng v\u00e0o s\u1ef1 minh b\u1ea1ch trong vi\u1ec7c s\u1eed d\u1ee5ng cookie v\u00e0 c\u00e1c c\u00f4ng ngh\u1ec7 t\u01b0\u01a1ng t\u1ef1. Ch\u00ednh s\u00e1ch n\u00e0y cung c\u1ea5p th\u00f4ng tin chi ti\u1ebft v\u1ec1 c\u00e1ch ch\u00fang t\u00f4i s\u1eed d\u1ee5ng cookie tr\u00ean trang web c\u1ee7a m\u00ecnh.<\/p>\t\t\t\t\t\t\t\t<\/div>\n\t\t\t\t<\/div>\n\t\t\t\t<div class=\"elementor-element elementor-element-9efa7e2 elementor-widget__width-inherit elementor-widget-tablet__width-initial elementor-widget elementor-widget-heading\" data-id=\"9efa7e2\" data-element_type=\"widget\" data-widget_type=\"heading.default\">\n\t\t\t\t<div class=\"elementor-widget-container\">\n\t\t\t\t\t<h2 class=\"elementor-heading-title elementor-size-default\">Cookie l\u00e0 g\u00ec?<\/h2>\t\t\t\t<\/div>\n\t\t\t\t<\/div>\n\t\t\t\t<div class=\"elementor-element elementor-element-5452cb3 elementor-widget__width-initial elementor-widget elementor-widget-text-editor\" data-id=\"5452cb3\" data-element_type=\"widget\" data-widget_type=\"text-editor.default\">\n\t\t\t\t<div class=\"elementor-widget-container\">\n\t\t\t\t\t\t\t\t\t<p>Cookie l\u00e0 c\u00e1c t\u1ec7p v\u0103n b\u1ea3n nh\u1ecf \u0111\u01b0\u1ee3c c\u00e1c trang web b\u1ea1n truy c\u1eadp \u0111\u1eb7t tr\u00ean thi\u1ebft b\u1ecb c\u1ee7a b\u1ea1n. Ch\u00fang \u0111\u01b0\u1ee3c s\u1eed d\u1ee5ng r\u1ed9ng r\u00e3i \u0111\u1ec3 gi\u00fap c\u00e1c trang web ho\u1ea1t \u0111\u1ed9ng ho\u1eb7c ho\u1ea1t \u0111\u1ed9ng hi\u1ec7u qu\u1ea3 h\u01a1n, c\u0169ng nh\u01b0 \u0111\u1ec3 cung c\u1ea5p th\u00f4ng tin cho ch\u1ee7 s\u1edf h\u1eefu trang web.<\/p>\t\t\t\t\t\t\t\t<\/div>\n\t\t\t\t<\/div>\n\t\t\t\t<div class=\"elementor-element elementor-element-89037ae elementor-widget__width-inherit elementor-widget-tablet__width-initial elementor-widget elementor-widget-heading\" data-id=\"89037ae\" data-element_type=\"widget\" data-widget_type=\"heading.default\">\n\t\t\t\t<div class=\"elementor-widget-container\">\n\t\t\t\t\t<h2 class=\"elementor-heading-title elementor-size-default\">Ch\u00fang t\u00f4i s\u1eed d\u1ee5ng cookie nh\u01b0 th\u1ebf n\u00e0o?<\/h2>\t\t\t\t<\/div>\n\t\t\t\t<\/div>\n\t\t\t\t<div class=\"elementor-element elementor-element-e595ac6 elementor-widget__width-initial elementor-widget elementor-widget-text-editor\" data-id=\"e595ac6\" data-element_type=\"widget\" data-widget_type=\"text-editor.default\">\n\t\t\t\t<div class=\"elementor-widget-container\">\n\t\t\t\t\t\t\t\t\t<p>Ch\u00fang t\u00f4i s\u1eed d\u1ee5ng cookie \u0111\u1ec3 n\u00e2ng cao tr\u1ea3i nghi\u1ec7m c\u1ee7a b\u1ea1n tr\u00ean trang web c\u1ee7a ch\u00fang t\u00f4i b\u1eb1ng c\u00e1ch:<\/p><ul><li>Ghi nh\u1edb s\u1edf th\u00edch v\u00e0 c\u00e0i \u0111\u1eb7t c\u1ee7a b\u1ea1n.<\/li><li>Ph\u00e2n t\u00edch c\u00e1ch trang web c\u1ee7a ch\u00fang t\u00f4i \u0111\u01b0\u1ee3c s\u1eed d\u1ee5ng, gi\u00fap ch\u00fang t\u00f4i kh\u1eafc ph\u1ee5c m\u1ecdi s\u1ef1 c\u1ed1 v\u00e0 theo d\u00f5i hi\u1ec7u su\u1ea5t ho\u1ea1t \u0111\u1ed9ng c\u1ee7a m\u00ecnh.<\/li><\/ul>\t\t\t\t\t\t\t\t<\/div>\n\t\t\t\t<\/div>\n\t\t\t\t<div class=\"elementor-element elementor-element-bca194f elementor-widget__width-inherit elementor-widget-tablet__width-initial elementor-widget elementor-widget-heading\" data-id=\"bca194f\" data-element_type=\"widget\" data-widget_type=\"heading.default\">\n\t\t\t\t<div class=\"elementor-widget-container\">\n\t\t\t\t\t<h2 class=\"elementor-heading-title elementor-size-default\">C\u00e1c lo\u1ea1i cookie ch\u00fang t\u00f4i s\u1eed d\u1ee5ng<\/h2>\t\t\t\t<\/div>\n\t\t\t\t<\/div>\n\t\t\t\t<div class=\"elementor-element elementor-element-7bf115e elementor-widget__width-initial elementor-widget elementor-widget-text-editor\" data-id=\"7bf115e\" data-element_type=\"widget\" data-widget_type=\"text-editor.default\">\n\t\t\t\t<div class=\"elementor-widget-container\">\n\t\t\t\t\t\t\t\t\t<ul><li><strong>Cookie thi\u1ebft y\u1ebfu<\/strong>: Nh\u1eefng \u0111i\u1ec1u n\u00e0y c\u1ea7n thi\u1ebft \u0111\u1ec3 trang web ho\u1ea1t \u0111\u1ed9ng v\u00e0 kh\u00f4ng th\u1ec3 t\u1eaft trong h\u1ec7 th\u1ed1ng c\u1ee7a ch\u00fang t\u00f4i.<\/li><li><strong>Cookie hi\u1ec7u su\u1ea5t<\/strong>: Ch\u00fang cho ph\u00e9p ch\u00fang t\u00f4i \u0111\u1ebfm l\u01b0\u1ee3t truy c\u1eadp v\u00e0 ngu\u1ed3n l\u01b0u l\u01b0\u1ee3ng truy c\u1eadp, \u0111\u1ec3 \u0111o l\u01b0\u1eddng v\u00e0 c\u1ea3i thi\u1ec7n hi\u1ec7u su\u1ea5t c\u1ee7a trang web.<\/li><li><strong>Cookie ch\u1ee9c n\u0103ng<\/strong>: Ch\u00fang \u0111\u01b0\u1ee3c s\u1eed d\u1ee5ng \u0111\u1ec3 nh\u1eadn d\u1ea1ng b\u1ea1n khi b\u1ea1n quay l\u1ea1i trang web c\u1ee7a ch\u00fang t\u00f4i.<\/li><li><strong>Cookie nh\u1eafm m\u1ee5c ti\u00eau<\/strong>: C\u00e1c cookie n\u00e0y c\u00f3 th\u1ec3 \u0111\u01b0\u1ee3c c\u00e1c \u0111\u1ed1i t\u00e1c qu\u1ea3ng c\u00e1o c\u1ee7a ch\u00fang t\u00f4i thi\u1ebft l\u1eadp th\u00f4ng qua trang web c\u1ee7a ch\u00fang t\u00f4i.<\/li><\/ul>\t\t\t\t\t\t\t\t<\/div>\n\t\t\t\t<\/div>\n\t\t\t\t<div class=\"elementor-element elementor-element-0689f38 elementor-widget__width-inherit elementor-widget-tablet__width-initial elementor-widget elementor-widget-heading\" data-id=\"0689f38\" data-element_type=\"widget\" data-widget_type=\"heading.default\">\n\t\t\t\t<div class=\"elementor-widget-container\">\n\t\t\t\t\t<h2 class=\"elementor-heading-title elementor-size-default\">L\u1ef1a ch\u1ecdn c\u1ee7a b\u1ea1n li\u00ean quan \u0111\u1ebfn cookie<\/h2>\t\t\t\t<\/div>\n\t\t\t\t<\/div>\n\t\t\t\t<div class=\"elementor-element elementor-element-d139684 elementor-widget__width-initial elementor-widget elementor-widget-text-editor\" data-id=\"d139684\" data-element_type=\"widget\" data-widget_type=\"text-editor.default\">\n\t\t\t\t<div class=\"elementor-widget-container\">\n\t\t\t\t\t\t\t\t\t<p>B\u1ea1n c\u00f3 quy\u1ec1n quy\u1ebft \u0111\u1ecbnh ch\u1ea5p nh\u1eadn hay t\u1eeb ch\u1ed1i cookie. B\u1ea1n c\u00f3 th\u1ec3 th\u1ef1c hi\u1ec7n t\u00f9y ch\u1ecdn cookie c\u1ee7a m\u00ecnh b\u1eb1ng c\u00e1ch nh\u1ea5p v\u00e0o li\u00ean k\u1ebft t\u1eeb ch\u1ed1i th\u00edch h\u1ee3p \u0111\u01b0\u1ee3c cung c\u1ea5p.<\/p>\t\t\t\t\t\t\t\t<\/div>\n\t\t\t\t<\/div>\n\t\t\t\t<div class=\"elementor-element elementor-element-1cba0e5 elementor-widget__width-inherit elementor-widget-tablet__width-initial elementor-widget elementor-widget-heading\" data-id=\"1cba0e5\" data-element_type=\"widget\" data-widget_type=\"heading.default\">\n\t\t\t\t<div class=\"elementor-widget-container\">\n\t\t\t\t\t<h2 class=\"elementor-heading-title elementor-size-default\">Nh\u1eefng thay \u0111\u1ed5i trong Ch\u00ednh s\u00e1ch Cookie c\u1ee7a ch\u00fang t\u00f4i<\/h2>\t\t\t\t<\/div>\n\t\t\t\t<\/div>\n\t\t\t\t<div class=\"elementor-element elementor-element-10a16cf elementor-widget__width-initial elementor-widget elementor-widget-text-editor\" data-id=\"10a16cf\" data-element_type=\"widget\" data-widget_type=\"text-editor.default\">\n\t\t\t\t<div class=\"elementor-widget-container\">\n\t\t\t\t\t\t\t\t\t<p>Ch\u00fang t\u00f4i c\u00f3 th\u1ec3 c\u1eadp nh\u1eadt Ch\u00ednh s\u00e1ch Cookie n\u00e0y \u0111\u1ec3 ph\u1ea3n \u00e1nh nh\u1eefng thay \u0111\u1ed5i trong ho\u1ea1t \u0111\u1ed9ng th\u00f4ng tin c\u1ee7a ch\u00fang t\u00f4i. N\u1ebfu ch\u00fang t\u00f4i th\u1ef1c hi\u1ec7n b\u1ea5t k\u1ef3 thay \u0111\u1ed5i quan tr\u1ecdng n\u00e0o, ch\u00fang t\u00f4i s\u1ebd th\u00f4ng b\u00e1o cho b\u1ea1n qua email (g\u1eedi \u0111\u1ebfn \u0111\u1ecba ch\u1ec9 email \u0111\u01b0\u1ee3c ch\u1ec9 \u0111\u1ecbnh trong t\u00e0i kho\u1ea3n c\u1ee7a b\u1ea1n) ho\u1eb7c th\u00f4ng qua th\u00f4ng b\u00e1o tr\u00ean trang web n\u00e0y tr\u01b0\u1edbc khi thay \u0111\u1ed5i c\u00f3 hi\u1ec7u l\u1ef1c.<\/p>\t\t\t\t\t\t\t\t<\/div>\n\t\t\t\t<\/div>\n\t\t\t\t<div class=\"elementor-element elementor-element-c743d0c elementor-widget__width-inherit elementor-widget-tablet__width-initial elementor-widget elementor-widget-heading\" data-id=\"c743d0c\" data-element_type=\"widget\" data-widget_type=\"heading.default\">\n\t\t\t\t<div class=\"elementor-widget-container\">\n\t\t\t\t\t<h2 class=\"elementor-heading-title elementor-size-default\">Li\u00ean h\u1ec7 v\u1edbi ch\u00fang t\u00f4i<\/h2>\t\t\t\t<\/div>\n\t\t\t\t<\/div>\n\t\t\t\t<div class=\"elementor-element elementor-element-97a3318 elementor-widget__width-initial elementor-widget elementor-widget-text-editor\" data-id=\"97a3318\" data-element_type=\"widget\" data-widget_type=\"text-editor.default\">\n\t\t\t\t<div class=\"elementor-widget-container\">\n\t\t\t\t\t\t\t\t\t<p>N\u1ebfu b\u1ea1n c\u00f3 b\u1ea5t k\u1ef3 c\u00e2u h\u1ecfi n\u00e0o v\u1ec1 vi\u1ec7c ch\u00fang t\u00f4i s\u1eed d\u1ee5ng cookie ho\u1eb7c c\u00e1c c\u00f4ng ngh\u1ec7 kh\u00e1c, vui l\u00f2ng g\u1eedi email cho ch\u00fang t\u00f4i theo \u0111\u1ecba ch\u1ec9 <a href=\"mailto:info@mtscloud.com\">info@mtscloud.com<\/a>.<\/p>\t\t\t\t\t\t\t\t<\/div>\n\t\t\t\t<\/div>\n\t\t\t\t\t<\/div>\n\t\t\t\t<\/div>\n\t\t\t\t<\/div>","protected":false},"excerpt":{"rendered":"<p>Cookies Policy of Millennium Technology Services Last Updated: September 13, 2024 Introduction At Millennium Technology Services, we believe in being transparent about our use of cookies and similar technologies. This policy provides detailed information about how we use cookies on our website. What are cookies? Cookies are small text files that are placed on your [&hellip;]<\/p>\n","protected":false},"author":1,"featured_media":0,"parent":0,"menu_order":0,"comment_status":"closed","ping_status":"closed","template":"","meta":{"_acf_changed":false,"footnotes":""},"class_list":["post-13897","page","type-page","status-publish","hentry"],"acf":[],"_links":{"self":[{"href":"https:\/\/mtscloud.com\/vn\/wp-json\/wp\/v2\/pages\/13897","targetHints":{"allow":["GET"]}}],"collection":[{"href":"https:\/\/mtscloud.com\/vn\/wp-json\/wp\/v2\/pages"}],"about":[{"href":"https:\/\/mtscloud.com\/vn\/wp-json\/wp\/v2\/types\/page"}],"author":[{"embeddable":true,"href":"https:\/\/mtscloud.com\/vn\/wp-json\/wp\/v2\/users\/1"}],"replies":[{"embeddable":true,"href":"https:\/\/mtscloud.com\/vn\/wp-json\/wp\/v2\/comments?post=13897"}],"version-history":[{"count":0,"href":"https:\/\/mtscloud.com\/vn\/wp-json\/wp\/v2\/pages\/13897\/revisions"}],"wp:attachment":[{"href":"https:\/\/mtscloud.com\/vn\/wp-json\/wp\/v2\/media?parent=13897"}],"curies":[{"name":"wp","href":"https:\/\/api.w.org\/{rel}","templated":true}]}}